{"id":88,"date":"2025-12-06T16:58:45","date_gmt":"2025-12-06T15:58:45","guid":{"rendered":"https:\/\/parafiamalawa.pl\/?page_id=88"},"modified":"2025-12-07T02:07:40","modified_gmt":"2025-12-07T01:07:40","slug":"grupy-parafialne","status":"publish","type":"page","link":"https:\/\/parafiamalawa.pl\/?page_id=88","title":{"rendered":"Grupy parafialne"},"content":{"rendered":"\t\t<div data-elementor-type=\"wp-page\" data-elementor-id=\"88\" class=\"elementor elementor-88\">\n\t\t\t\t<div class=\"elementor-element elementor-element-d2633f8 e-flex e-con-boxed e-con e-parent\" data-id=\"d2633f8\" data-element_type=\"container\">\n\t\t\t\t\t<div class=\"e-con-inner\">\n\t\t\t\t<div class=\"elementor-element elementor-element-795ac34 elementor-widget elementor-widget-heading\" data-id=\"795ac34\" data-element_type=\"widget\" data-widget_type=\"heading.default\">\n\t\t\t\t\t<h2 class=\"elementor-heading-title elementor-size-default\">Grupy parafialne<\/h2>\t\t\t\t<\/div>\n\t\t\t\t\t<\/div>\n\t\t\t\t<\/div>\n\t\t<div class=\"elementor-element elementor-element-e49d680 e-grid e-con-boxed e-con e-parent\" data-id=\"e49d680\" data-element_type=\"container\">\n\t\t\t\t\t<div class=\"e-con-inner\">\n\t\t<div class=\"elementor-element elementor-element-ccb801f e-con-full e-grid e-con e-child\" data-id=\"ccb801f\" data-element_type=\"container\">\n\t\t\t\t<div class=\"elementor-element elementor-element-4a134e6 elementor-widget elementor-widget-text-editor\" data-id=\"4a134e6\" data-element_type=\"widget\" data-widget_type=\"text-editor.default\">\n\t\t\t\t\t\t\t\t\t<p><strong>1. Liturgiczna S\u0142u\u017cba O\u0142tarza<\/strong><\/p>\t\t\t\t\t\t\t\t<\/div>\n\t\t\t\t<div class=\"elementor-element elementor-element-5cde813 elementor-widget elementor-widget-image\" data-id=\"5cde813\" data-element_type=\"widget\" data-widget_type=\"image.default\">\n\t\t\t\t\t\t\t\t\t\t\t\t\t\t\t<img fetchpriority=\"high\" decoding=\"async\" width=\"300\" height=\"300\" src=\"https:\/\/parafiamalawa.pl\/wp-content\/uploads\/2025\/12\/LSO-300x300.webp\" class=\"attachment-medium size-medium wp-image-98\" alt=\"\" srcset=\"https:\/\/parafiamalawa.pl\/wp-content\/uploads\/2025\/12\/LSO-300x300.webp 300w, https:\/\/parafiamalawa.pl\/wp-content\/uploads\/2025\/12\/LSO-1024x1024.webp 1024w, https:\/\/parafiamalawa.pl\/wp-content\/uploads\/2025\/12\/LSO-150x150.webp 150w, https:\/\/parafiamalawa.pl\/wp-content\/uploads\/2025\/12\/LSO-768x768.webp 768w, https:\/\/parafiamalawa.pl\/wp-content\/uploads\/2025\/12\/LSO-1536x1536.webp 1536w, https:\/\/parafiamalawa.pl\/wp-content\/uploads\/2025\/12\/LSO.webp 1920w\" sizes=\"(max-width: 300px) 100vw, 300px\" \/>\t\t\t\t\t\t\t\t\t\t\t\t\t\t\t<\/div>\n\t\t\t\t<\/div>\n\t\t<div class=\"elementor-element elementor-element-8d7f385 e-grid e-con-full e-con e-child\" data-id=\"8d7f385\" data-element_type=\"container\">\n\t\t\t\t<div class=\"elementor-element elementor-element-a2f75fc elementor-widget elementor-widget-text-editor\" data-id=\"a2f75fc\" data-element_type=\"widget\" data-widget_type=\"text-editor.default\">\n\t\t\t\t\t\t\t\t\t<p><strong>2. Oaza &#8211; Ruch \u015awiat\u0142o \u017bycie<\/strong><\/p>\t\t\t\t\t\t\t\t<\/div>\n\t\t\t\t<div class=\"elementor-element elementor-element-8cd9109 elementor-widget elementor-widget-image\" data-id=\"8cd9109\" data-element_type=\"widget\" data-widget_type=\"image.default\">\n\t\t\t\t\t\t\t\t\t\t\t\t\t\t\t<img decoding=\"async\" width=\"987\" height=\"662\" src=\"https:\/\/parafiamalawa.pl\/wp-content\/uploads\/2025\/12\/oaza.webp\" class=\"attachment-large size-large wp-image-99\" alt=\"\" srcset=\"https:\/\/parafiamalawa.pl\/wp-content\/uploads\/2025\/12\/oaza.webp 987w, https:\/\/parafiamalawa.pl\/wp-content\/uploads\/2025\/12\/oaza-300x201.webp 300w, https:\/\/parafiamalawa.pl\/wp-content\/uploads\/2025\/12\/oaza-768x515.webp 768w\" sizes=\"(max-width: 987px) 100vw, 987px\" \/>\t\t\t\t\t\t\t\t\t\t\t\t\t\t\t<\/div>\n\t\t\t\t<\/div>\n\t\t<div class=\"elementor-element elementor-element-a825f05 e-con-full e-grid e-con e-child\" data-id=\"a825f05\" data-element_type=\"container\">\n\t\t\t\t<div class=\"elementor-element elementor-element-65bbe65 elementor-widget elementor-widget-text-editor\" data-id=\"65bbe65\" data-element_type=\"widget\" data-widget_type=\"text-editor.default\">\n\t\t\t\t\t\t\t\t\t<p><strong>3. Wsp\u00f3lnota \u201cCrucis Splendor\u201d <\/strong><\/p>\t\t\t\t\t\t\t\t<\/div>\n\t\t\t\t<\/div>\n\t\t\t\t\t<\/div>\n\t\t\t\t<\/div>\n\t\t\t\t<\/div>\n\t\t","protected":false},"excerpt":{"rendered":"<p>Grupy parafialne 1. Liturgiczna S\u0142u\u017cba O\u0142tarza 2. Oaza &#8211; Ruch \u015awiat\u0142o \u017bycie 3. Wsp\u00f3lnota \u201cCrucis Splendor\u201d<\/p>\n","protected":false},"author":1,"featured_media":0,"parent":0,"menu_order":0,"comment_status":"closed","ping_status":"closed","template":"","meta":{"site-sidebar-layout":"no-sidebar","site-content-layout":"","ast-site-content-layout":"full-width-container","site-content-style":"default","site-sidebar-style":"default","ast-global-header-display":"","ast-banner-title-visibility":"","ast-main-header-display":"","ast-hfb-above-header-display":"","ast-hfb-below-header-display":"","ast-hfb-mobile-header-display":"","site-post-title":"disabled","ast-breadcrumbs-content":"","ast-featured-img":"disabled","footer-sml-layout":"","theme-transparent-header-meta":"","adv-header-id-meta":"","stick-header-meta":"","header-above-stick-meta":"","header-main-stick-meta":"","header-below-stick-meta":"","astra-migrate-meta-layouts":"default","ast-page-background-enabled":"default","ast-page-background-meta":{"desktop":{"background-color":"var(--ast-global-color-5)","background-image":"","background-repeat":"repeat","background-position":"center center","background-size":"auto","background-attachment":"scroll","background-type":"","background-media":"","overlay-type":"","overlay-color":"","overlay-opacity":"","overlay-gradient":""},"tablet":{"background-color":"","background-image":"","background-repeat":"repeat","background-position":"center center","background-size":"auto","background-attachment":"scroll","background-type":"","background-media":"","overlay-type":"","overlay-color":"","overlay-opacity":"","overlay-gradient":""},"mobile":{"background-color":"","background-image":"","background-repeat":"repeat","background-position":"center center","background-size":"auto","background-attachment":"scroll","background-type":"","background-media":"","overlay-type":"","overlay-color":"","overlay-opacity":"","overlay-gradient":""}},"ast-content-background-meta":{"desktop":{"background-color":"var(--ast-global-color-4)","background-image":"","background-repeat":"repeat","background-position":"center center","background-size":"auto","background-attachment":"scroll","background-type":"","background-media":"","overlay-type":"","overlay-color":"","overlay-opacity":"","overlay-gradient":""},"tablet":{"background-color":"var(--ast-global-color-4)","background-image":"","background-repeat":"repeat","background-position":"center center","background-size":"auto","background-attachment":"scroll","background-type":"","background-media":"","overlay-type":"","overlay-color":"","overlay-opacity":"","overlay-gradient":""},"mobile":{"background-color":"var(--ast-global-color-4)","background-image":"","background-repeat":"repeat","background-position":"center center","background-size":"auto","background-attachment":"scroll","background-type":"","background-media":"","overlay-type":"","overlay-color":"","overlay-opacity":"","overlay-gradient":""}},"footnotes":""},"class_list":["post-88","page","type-page","status-publish","hentry"],"_links":{"self":[{"href":"https:\/\/parafiamalawa.pl\/index.php?rest_route=\/wp\/v2\/pages\/88","targetHints":{"allow":["GET"]}}],"collection":[{"href":"https:\/\/parafiamalawa.pl\/index.php?rest_route=\/wp\/v2\/pages"}],"about":[{"href":"https:\/\/parafiamalawa.pl\/index.php?rest_route=\/wp\/v2\/types\/page"}],"author":[{"embeddable":true,"href":"https:\/\/parafiamalawa.pl\/index.php?rest_route=\/wp\/v2\/users\/1"}],"replies":[{"embeddable":true,"href":"https:\/\/parafiamalawa.pl\/index.php?rest_route=%2Fwp%2Fv2%2Fcomments&post=88"}],"version-history":[{"count":13,"href":"https:\/\/parafiamalawa.pl\/index.php?rest_route=\/wp\/v2\/pages\/88\/revisions"}],"predecessor-version":[{"id":290,"href":"https:\/\/parafiamalawa.pl\/index.php?rest_route=\/wp\/v2\/pages\/88\/revisions\/290"}],"wp:attachment":[{"href":"https:\/\/parafiamalawa.pl\/index.php?rest_route=%2Fwp%2Fv2%2Fmedia&parent=88"}],"curies":[{"name":"wp","href":"https:\/\/api.w.org\/{rel}","templated":true}]}}